{"id":659,"date":"2025-04-28T15:28:44","date_gmt":"2025-04-28T13:28:44","guid":{"rendered":"https:\/\/www.domaines-henri-martin.com\/mentions-legales\/"},"modified":"2025-06-25T10:51:38","modified_gmt":"2025-06-25T08:51:38","slug":"legal-notice","status":"publish","type":"page","link":"https:\/\/www.domaines-henri-martin.com\/en\/legal-notice\/","title":{"rendered":"Legal notice"},"content":{"rendered":"","protected":false},"excerpt":{"rendered":"","protected":false},"author":3,"featured_media":0,"parent":0,"menu_order":0,"comment_status":"closed","ping_status":"closed","template":"","meta":{"_acf_changed":false,"inline_featured_image":false,"footnotes":""},"class_list":["post-659","page","type-page","status-publish","hentry"],"acf":[],"yoast_head":"<!-- This site is optimized with the Yoast SEO plugin v27.2 - https:\/\/yoast.com\/product\/yoast-seo-wordpress\/ -->\n<title>Legal notice &#8212; Domaines Henri Martin<\/title>\n<meta name=\"robots\" content=\"index, follow, max-snippet:-1, max-image-preview:large, max-video-preview:-1\" \/>\n<link rel=\"canonical\" href=\"https:\/\/www.domaines-henri-martin.com\/en\/legal-notice\/\" \/>\n<meta property=\"og:locale\" content=\"en_US\" \/>\n<meta property=\"og:type\" content=\"article\" \/>\n<meta property=\"og:title\" content=\"Legal notice &#8212; Domaines Henri Martin\" \/>\n<meta property=\"og:url\" content=\"https:\/\/www.domaines-henri-martin.com\/en\/legal-notice\/\" \/>\n<meta property=\"og:site_name\" content=\"Domaines Henri Martin\" \/>\n<meta property=\"article:modified_time\" content=\"2025-06-25T08:51:38+00:00\" \/>\n<meta property=\"og:image\" content=\"https:\/\/www.domaines-henri-martin.com\/wp-content\/uploads\/sites\/3\/2025\/05\/domaines-henri-martin-vin-medoc-bordeaux.jpg\" \/>\n\t<meta property=\"og:image:width\" content=\"1920\" \/>\n\t<meta property=\"og:image:height\" content=\"1280\" \/>\n\t<meta property=\"og:image:type\" content=\"image\/jpeg\" \/>\n<meta name=\"twitter:card\" content=\"summary_large_image\" \/>\n<meta name=\"twitter:label1\" content=\"Est. reading time\" \/>\n\t<meta name=\"twitter:data1\" content=\"1 minute\" \/>\n<script type=\"application\/ld+json\" class=\"yoast-schema-graph\">{\"@context\":\"https:\/\/schema.org\",\"@graph\":[{\"@type\":\"WebPage\",\"@id\":\"https:\/\/www.domaines-henri-martin.com\/en\/legal-notice\/\",\"url\":\"https:\/\/www.domaines-henri-martin.com\/en\/legal-notice\/\",\"name\":\"Legal notice &#8212; Domaines Henri Martin\",\"isPartOf\":{\"@id\":\"https:\/\/www.domaines-henri-martin.com\/en\/#website\"},\"datePublished\":\"2025-04-28T13:28:44+00:00\",\"dateModified\":\"2025-06-25T08:51:38+00:00\",\"breadcrumb\":{\"@id\":\"https:\/\/www.domaines-henri-martin.com\/en\/legal-notice\/#breadcrumb\"},\"inLanguage\":\"en-US\",\"potentialAction\":[{\"@type\":\"ReadAction\",\"target\":[\"https:\/\/www.domaines-henri-martin.com\/en\/legal-notice\/\"]}]},{\"@type\":\"BreadcrumbList\",\"@id\":\"https:\/\/www.domaines-henri-martin.com\/en\/legal-notice\/#breadcrumb\",\"itemListElement\":[{\"@type\":\"ListItem\",\"position\":1,\"name\":\"Accueil\",\"item\":\"https:\/\/www.domaines-henri-martin.com\/en\/\"},{\"@type\":\"ListItem\",\"position\":2,\"name\":\"Legal notice\"}]},{\"@type\":\"WebSite\",\"@id\":\"https:\/\/www.domaines-henri-martin.com\/en\/#website\",\"url\":\"https:\/\/www.domaines-henri-martin.com\/en\/\",\"name\":\"Domaines Henri Martin\",\"description\":\"Ch\u00e2teau Gloria, Ch\u00e2teau Saint-Pierre, Ch\u00e2teau Bel Air Gloria\",\"potentialAction\":[{\"@type\":\"SearchAction\",\"target\":{\"@type\":\"EntryPoint\",\"urlTemplate\":\"https:\/\/www.domaines-henri-martin.com\/en\/?s={search_term_string}\"},\"query-input\":{\"@type\":\"PropertyValueSpecification\",\"valueRequired\":true,\"valueName\":\"search_term_string\"}}],\"inLanguage\":\"en-US\"}]}<\/script>\n<!-- \/ Yoast SEO plugin. -->","yoast_head_json":{"title":"Legal notice &#8212; Domaines Henri Martin","robots":{"index":"index","follow":"follow","max-snippet":"max-snippet:-1","max-image-preview":"max-image-preview:large","max-video-preview":"max-video-preview:-1"},"canonical":"https:\/\/www.domaines-henri-martin.com\/en\/legal-notice\/","og_locale":"en_US","og_type":"article","og_title":"Legal notice &#8212; Domaines Henri Martin","og_url":"https:\/\/www.domaines-henri-martin.com\/en\/legal-notice\/","og_site_name":"Domaines Henri Martin","article_modified_time":"2025-06-25T08:51:38+00:00","og_image":[{"width":1920,"height":1280,"url":"https:\/\/www.domaines-henri-martin.com\/wp-content\/uploads\/sites\/3\/2025\/05\/domaines-henri-martin-vin-medoc-bordeaux.jpg","type":"image\/jpeg"}],"twitter_card":"summary_large_image","twitter_misc":{"Est. reading time":"1 minute"},"schema":{"@context":"https:\/\/schema.org","@graph":[{"@type":"WebPage","@id":"https:\/\/www.domaines-henri-martin.com\/en\/legal-notice\/","url":"https:\/\/www.domaines-henri-martin.com\/en\/legal-notice\/","name":"Legal notice &#8212; Domaines Henri Martin","isPartOf":{"@id":"https:\/\/www.domaines-henri-martin.com\/en\/#website"},"datePublished":"2025-04-28T13:28:44+00:00","dateModified":"2025-06-25T08:51:38+00:00","breadcrumb":{"@id":"https:\/\/www.domaines-henri-martin.com\/en\/legal-notice\/#breadcrumb"},"inLanguage":"en-US","potentialAction":[{"@type":"ReadAction","target":["https:\/\/www.domaines-henri-martin.com\/en\/legal-notice\/"]}]},{"@type":"BreadcrumbList","@id":"https:\/\/www.domaines-henri-martin.com\/en\/legal-notice\/#breadcrumb","itemListElement":[{"@type":"ListItem","position":1,"name":"Accueil","item":"https:\/\/www.domaines-henri-martin.com\/en\/"},{"@type":"ListItem","position":2,"name":"Legal notice"}]},{"@type":"WebSite","@id":"https:\/\/www.domaines-henri-martin.com\/en\/#website","url":"https:\/\/www.domaines-henri-martin.com\/en\/","name":"Domaines Henri Martin","description":"Ch\u00e2teau Gloria, Ch\u00e2teau Saint-Pierre, Ch\u00e2teau Bel Air Gloria","potentialAction":[{"@type":"SearchAction","target":{"@type":"EntryPoint","urlTemplate":"https:\/\/www.domaines-henri-martin.com\/en\/?s={search_term_string}"},"query-input":{"@type":"PropertyValueSpecification","valueRequired":true,"valueName":"search_term_string"}}],"inLanguage":"en-US"}]}},"_links":{"self":[{"href":"https:\/\/www.domaines-henri-martin.com\/en\/wp-json\/wp\/v2\/pages\/659","targetHints":{"allow":["GET"]}}],"collection":[{"href":"https:\/\/www.domaines-henri-martin.com\/en\/wp-json\/wp\/v2\/pages"}],"about":[{"href":"https:\/\/www.domaines-henri-martin.com\/en\/wp-json\/wp\/v2\/types\/page"}],"author":[{"embeddable":true,"href":"https:\/\/www.domaines-henri-martin.com\/en\/wp-json\/wp\/v2\/users\/3"}],"replies":[{"embeddable":true,"href":"https:\/\/www.domaines-henri-martin.com\/en\/wp-json\/wp\/v2\/comments?post=659"}],"version-history":[{"count":4,"href":"https:\/\/www.domaines-henri-martin.com\/en\/wp-json\/wp\/v2\/pages\/659\/revisions"}],"predecessor-version":[{"id":718,"href":"https:\/\/www.domaines-henri-martin.com\/en\/wp-json\/wp\/v2\/pages\/659\/revisions\/718"}],"wp:attachment":[{"href":"https:\/\/www.domaines-henri-martin.com\/en\/wp-json\/wp\/v2\/media?parent=659"}],"curies":[{"name":"wp","href":"https:\/\/api.w.org\/{rel}","templated":true}]}}